{"id":101,"date":"2015-09-20T22:59:22","date_gmt":"2015-09-20T20:59:22","guid":{"rendered":"http:\/\/themedemos.webmandesign.eu\/polyclinic\/?page_id=101"},"modified":"2018-09-16T18:26:11","modified_gmt":"2018-09-16T18:26:11","slug":"giving","status":"publish","type":"page","link":"https:\/\/www.uzmandiyaliz.com\/?page_id=101","title":{"rendered":"Diyaliz Hastalar\u0131 i\u00e7in \u0130pu\u00e7lar\u0131"},"content":{"rendered":"<p>B\u00f6brekler v\u00fccut sa\u011fl\u0131\u011f\u0131 a\u00e7\u0131s\u0131ndan olduk\u00e7a \u00f6nemlidir. V\u00fccudumuzdaki kan\u0131 zararl\u0131 maddelerden ar\u0131nd\u0131ran b\u00f6breklerimiz\u00a0<em><strong>v\u00fccuttaki s\u0131v\u0131 dengesinin korunmas\u0131na yard\u0131mc\u0131\u00a0<\/strong><\/em>olmaktad\u0131r. V\u00fccudumuzun sa\u011fl\u0131kl\u0131 bir \u015fekilde \u00e7al\u0131\u015fmas\u0131na yard\u0131mc\u0131 olman\u0131n yan\u0131 s\u0131ra tansiyonun dengelenmesi ve hormon salg\u0131lamas\u0131 gibi g\u00f6revleri de vard\u0131r.<\/p>\n<p>Bel b\u00f6lgesinde fasulyeye benzeyen k\u0131rm\u0131z\u0131 renkli bu organ, olas\u0131 durumlarda tek ba\u015f\u0131na da i\u015flevini s\u00fcrd\u00fcrerek ki\u015finin ikinci bir b\u00f6bre\u011fe ihtiya\u00e7 duymas\u0131n\u0131 engeller. V\u00fccut sa\u011fl\u0131\u011f\u0131 a\u00e7\u0131s\u0131ndan olduk\u00e7a \u00f6nemli bir yere sahip olan b\u00f6breklerimiz zaman i\u00e7inde yanl\u0131\u015f beslenme ve \u00e7e\u015fitli hastal\u0131klar nedeniyle hasara u\u011frayarak\u00a0<em><strong>b\u00f6brek yetmezli\u011fi<\/strong><\/em>\u00a0gibi sorunlara neden olabilir.\u00a0<strong><em>G\u00fc\u00e7l\u00fc ve dayan\u0131kl\u0131 bir yap\u0131ya sahip<\/em><\/strong>\u00a0olan b\u00f6brekler herhangi bir sorun kar\u015f\u0131s\u0131nda \u00e7ok fazla belirti vermezler.<\/p>\n<p>Sa\u011fl\u0131kl\u0131 bir \u015fekilde \u00e7al\u0131\u015fmayan b\u00f6brekler v\u00fccuttaki tuz, mineral ve su dengesini sa\u011flamakta zorluk \u00e7eker ve v\u00fccuttaki zararl\u0131 maddelerin s\u00fcz\u00fclerek at\u0131lmas\u0131n\u0131 engeller. Bu durum ise v\u00fccudumuzda daha fazla zararl\u0131 maddenin birikmesine neden olur.<\/p>\n<p>V\u00fccudumuzdaki s\u0131v\u0131 dengesinin korunmas\u0131n\u0131 sa\u011flayan b\u00f6breklerimiz bo\u015falt\u0131m g\u00f6revinin yan\u0131 s\u0131ra\u00a0<em><strong>kalp ve damar sa\u011fl\u0131\u011f\u0131<\/strong><\/em>\u00a0a\u00e7\u0131s\u0131ndan da b\u00fcy\u00fck \u00f6nem ta\u015f\u0131maktad\u0131r. Kan dola\u015f\u0131m\u0131n\u0131n azalmas\u0131n\u0131n da etkili oldu\u011fu b\u00f6brek hastal\u0131klar\u0131 kan bas\u0131nc\u0131n\u0131n dengelenmesini sa\u011flayarak\u00a0<strong><em>kalp ve damar hastal\u0131klar\u0131na kar\u015f\u0131 koruyucu<\/em><\/strong>\u00a0bir rol oynamaktad\u0131r.Kan bas\u0131nc\u0131n\u0131 do\u011frudan etkileyen y\u00fcksek tansiyonun b\u00f6brek hastal\u0131klar\u0131 ile ili\u015fkisi de buradan gelmektedir.Bu nedenle b\u00f6brek yetmezli\u011finden b\u00f6brek iltihab\u0131na kadar bir\u00e7ok sorunda hipertansiyon etkeni bulunmaktad\u0131r.<\/p>\n<p>A\u011fr\u0131ya neden olmadan\u00a0<strong><em>sinsice ilerleyen b\u00f6brek hastal\u0131\u011f\u0131<\/em><\/strong>\u00a0\u00e7o\u011fu zaman herhangi bir belirtiye neden olmaz. Bu nedenle genellikle doktor muayenesi ve yap\u0131lan testler sonucunda ortaya \u00e7\u0131kmaktad\u0131r. B\u00f6brek hastal\u0131klar\u0131nda en \u00e7ok g\u00f6r\u00fclen belirtileri s\u0131ralamak gerekirse;<\/p>\n<ul>\n<li>Tansiyon y\u00fcksekli\u011fi<\/li>\n<\/ul>\n<ul>\n<li>El ve ayaklarda \u015fi\u015fkinlik<\/li>\n<\/ul>\n<ul>\n<li>\u0130drar miktar\u0131nda azalma\/artma<\/li>\n<\/ul>\n<ul>\n<li>\u0130drardan kan gelmesi<\/li>\n<\/ul>\n<ul>\n<li>\u0130drar renginde de\u011fi\u015fiklik<\/li>\n<\/ul>\n<ul>\n<li>Gece idrara \u00e7\u0131kma<\/li>\n<\/ul>\n<ul>\n<li>A\u011fr\u0131l\u0131 idrar yapma<\/li>\n<\/ul>\n<ul>\n<li>Bel ve kas\u0131klarda meydana gelen a\u011fr\u0131lar s\u0131k\u00e7a kar\u015f\u0131la\u015f\u0131lan \u015fikayetlerdendir.<\/li>\n<\/ul>\n<h3>B\u00f6brek Sa\u011fl\u0131\u011f\u0131n\u0131 Koruman\u0131n Yollar\u0131 Neledir?<\/h3>\n<p>V\u00fccut sa\u011fl\u0131\u011f\u0131n\u0131 etkileyen b\u00f6breklerimiz olduk\u00e7a \u00f6nemlidir. \u00dclkemizde de s\u0131k\u00e7a g\u00f6r\u00fclen b\u00f6brek hastal\u0131klar\u0131n\u0131n d\u00fcnyadaki g\u00f6r\u00fclme oran\u0131nda da son zamanlarda art\u0131\u015f oldu\u011fu belirtilmektedir. B\u00f6brek hastal\u0131klar\u0131 v\u00fccudu olumsuz y\u00f6nde etkileyerek bir\u00e7ok hastal\u0131\u011fa da davetliye \u00e7\u0131karmaktad\u0131r.<\/p>\n<p>Kontrol alt\u0131na al\u0131nmayan ve tedavi edilmeyen b\u00f6brek hastal\u0131klar\u0131 kans\u0131zl\u0131k, kas ve kemik hastal\u0131klar\u0131n\u0131n yan\u0131 s\u0131ra kalp ve damar hastal\u0131klar\u0131n\u0131n meydana gelmesinde de etkili bir rol oynamaktad\u0131r.<\/p>\n<p><em><strong><u>Su T\u00fcketimi<\/u>\u00a0:<\/strong><\/em>\u00a0B\u00f6brek sa\u011fl\u0131\u011f\u0131 i\u00e7in \u00f6ncelikle olarak herg\u00fcn d\u00fczenli olarak \u00f6nerilen miktarlarda su t\u00fcketilmelidir. Doktorunuzun ayr\u0131ca bir \u00f6nerisi s\u00f6z konusu de\u011filse g\u00fcnde 1,5-2 litre su i\u00e7meniz b\u00f6brek sa\u011fl\u0131\u011f\u0131n\u0131z a\u00e7\u0131s\u0131ndan olduk\u00e7a faydal\u0131 olacakt\u0131r. Bol s\u0131v\u0131 t\u00fcketimi b\u00f6brek sa\u011fl\u0131\u011f\u0131n\u0131n korunmas\u0131nda etkili bir rol oynamaktad\u0131r.<\/p>\n<p><em><strong><u>Kan Bas\u0131nc\u0131<\/u>\u00a0:<\/strong><\/em>\u00a0B\u00f6brekler kan bas\u0131nc\u0131n\u0131n dengelenmesinde etkili bir rol oynamaktad\u0131r. Bu nedenle \u00f6zellikle y\u00fcksek tansiyon hastalar\u0131n\u0131n kan bas\u0131nclar\u0131n\u0131 dengede tutmalar\u0131 b\u00f6brek sa\u011fl\u0131\u011f\u0131 a\u00e7\u0131s\u0131ndan olduk\u00e7a \u00f6nemlidir. D\u00fczenli olarak egzersiz yapmak, tuz t\u00fcketimini k\u0131s\u0131tlamak ve fazla kilolardan kurtulmak gibi \u00f6nlemler ile kan bas\u0131n\u00e7lar\u0131n\u0131 dengeleyebilirler.<\/p>\n<p><em><strong><u>Diyabet<\/u>\u00a0:<\/strong><\/em>\u00a0Hipertansiyonun yan\u0131 s\u0131ra b\u00f6brek hastal\u0131klar\u0131n\u0131 do\u011frudan etkileyen bir di\u011fer unsur ise diyabettir. Kan \u015fekerinin dengelenmesi i\u00e7in doktorunuzun uygun g\u00f6rd\u00fc\u011f\u00fc diyeti uygulayarak ve egzersiz yaparak b\u00f6brek sa\u011fl\u0131\u011f\u0131n\u0131za katk\u0131da bulunabilirsiniz. Unutmay\u0131n\u0131z ki diyabet ve hipertansiyon hastalar\u0131 b\u00f6brek hastal\u0131klar\u0131na kar\u015f\u0131 ekstra risk ta\u015f\u0131maktad\u0131rlar.<\/p>\n<p><em><strong><u>Sigara T\u00fcketimi<\/u>\u00a0:<\/strong><\/em>\u00a0Sigaran\u0131n sa\u011fl\u0131\u011fa zararlar\u0131n\u0131 hemen hemen herkes taraf\u0131ndan\u00a0bilinmektedir. Bir\u00e7ok hastal\u0131\u011f\u0131n olu\u015fmas\u0131nda ve ilerlemesinde etkili bir rol oynayan sigara t\u00fcketimi, kan bas\u0131nc\u0131n\u0131 d\u00fc\u015f\u00fcrerek b\u00f6brek sa\u011fl\u0131\u011f\u0131n\u0131z\u0131 olumsuz y\u00f6nde etkileyecektir. Ayr\u0131ca sigara t\u00fcketimi b\u00f6brek kanseri riskini %50 oran\u0131nda artt\u0131rmaktad\u0131r.<\/p>\n<p><strong><em><u>Kilo Oran\u0131<\/u>\u00a0:<\/em><\/strong>\u00a0B\u00f6breklerinizin i\u015flevini sa\u011fl\u0131kl\u0131 bir \u015fekilde yerine getirebilmeleri i\u00e7in uygun kiloda olman\u0131z olduk\u00e7a \u00f6nemlidir. Bir\u00e7ok hastal\u0131\u011f\u0131n olu\u015fmas\u0131nda etkili rol oynayan obezite, kronik b\u00f6brek hastal\u0131klar\u0131na yakalanman\u0131zda etkili bir rol oynamaktad\u0131r. Sa\u011fl\u0131kl\u0131 beslenme program\u0131 ile kilo kontrol\u00fcn\u00fcz\u00fc sa\u011flayarak b\u00f6brek sa\u011fl\u0131\u011f\u0131n\u0131za katk\u0131da bulunabilirsiniz.<\/p>\n<p><em><strong><u>Tuz T\u00fcketimi<\/u>\u00a0:<\/strong><\/em>\u00a0B\u00f6breklerin en b\u00fcy\u00fck d\u00fc\u015fmanlar\u0131n\u0131n ba\u015f\u0131nda gelen tuz, b\u00f6brek sa\u011fl\u0131\u011f\u0131n\u0131z\u0131 olumsuz y\u00f6nde etkileyerek b\u00f6brek hastal\u0131klar\u0131na kar\u015f\u0131 tehdit olu\u015fturmaktad\u0131r. Bu nedenle sa\u011fl\u0131kl\u0131 beslenmenin \u00f6n ko\u015fulu olarak \u00f6ncelikle tuz t\u00fcketiminden uzak durmal\u0131s\u0131n\u0131z.<\/p>\n<p><em><u><strong>\u0130la\u00e7 Kullan\u0131m\u0131<\/strong><\/u>\u00a0<strong>:<\/strong><\/em>\u00a0Rastgele ila\u00e7 kullan\u0131m\u0131 \u00e7e\u015fitli yan etkilere neden olarak sa\u011fl\u0131\u011f\u0131n\u0131z\u0131n tehdit edilmesine neden olacakt\u0131r. \u0130la\u00e7 kullanmadan \u00f6nce mutlaka doktorunuza ba\u015fvurmal\u0131 ve doktorunuzun onay\u0131 olmadan ila\u00e7 kullanmamal\u0131s\u0131n\u0131z. \u00d6zellikle s\u0131k s\u0131k kullan\u0131lan a\u011fr\u0131 kesiciler zamanla etkisini yitirerek v\u00fccudunuzun ilaca kar\u015f\u0131 ba\u011f\u0131\u015f\u0131kl\u0131k kazanmas\u0131na neden olabilece\u011fi gibi b\u00f6brek hastal\u0131klar\u0131na kar\u015f\u0131 da etkili bir rol oynamaktad\u0131r.<\/p>\n<p><em>Bu makale bir bilgilendirme yaz\u0131s\u0131d\u0131r. Kesin te\u015fhis ve tedavi niteli\u011fi ta\u015f\u0131mamaktad\u0131r. Herhangi bir sa\u011fl\u0131k sorunu kar\u015f\u0131s\u0131nda mutlaka doktorunuza ba\u015fvurunuz.\u00a0<\/em><\/p>\n","protected":false},"excerpt":{"rendered":"<div class=\"entry-summary\"><div class=\"entry-summary\">\n<p>B\u00f6brekler v\u00fccut sa\u011fl\u0131\u011f\u0131 a\u00e7\u0131s\u0131ndan olduk\u00e7a \u00f6nemlidir. V\u00fccudumuzdaki kan\u0131 zararl\u0131 maddelerden ar\u0131nd\u0131ran b\u00f6breklerimiz<\/p>\n<\/div>\n<div class=\"link-more\"><a href=\"https:\/\/www.uzmandiyaliz.com\/?page_id=101\" class=\"more-link\">Devam\u0131n\u0131 oku<span class=\"screen-reader-text\"> &ldquo;Diyaliz Hastalar\u0131 i\u00e7in \u0130pu\u00e7lar\u0131&rdquo;<\/span>&hellip;<\/a><\/div>\n<\/div><div class=\"link-more\"><a href=\"https:\/\/www.uzmandiyaliz.com\/?page_id=101\" class=\"more-link\">Devam\u0131n\u0131 oku<span class=\"screen-reader-text\"> &ldquo;Diyaliz Hastalar\u0131 i\u00e7in \u0130pu\u00e7lar\u0131&rdquo;<\/span>&hellip;<\/a><\/div>","protected":false},"author":1,"featured_media":0,"parent":1051,"menu_order":34,"comment_status":"closed","ping_status":"closed","template":"templates\/no-title.php","meta":{"footnotes":""},"class_list":["post-101","page","type-page","status-publish","hentry","entry"],"_links":{"self":[{"href":"https:\/\/www.uzmandiyaliz.com\/index.php?rest_route=\/wp\/v2\/pages\/101","targetHints":{"allow":["GET"]}}],"collection":[{"href":"https:\/\/www.uzmandiyaliz.com\/index.php?rest_route=\/wp\/v2\/pages"}],"about":[{"href":"https:\/\/www.uzmandiyaliz.com\/index.php?rest_route=\/wp\/v2\/types\/page"}],"author":[{"embeddable":true,"href":"https:\/\/www.uzmandiyaliz.com\/index.php?rest_route=\/wp\/v2\/users\/1"}],"replies":[{"embeddable":true,"href":"https:\/\/www.uzmandiyaliz.com\/index.php?rest_route=%2Fwp%2Fv2%2Fcomments&post=101"}],"version-history":[{"count":5,"href":"https:\/\/www.uzmandiyaliz.com\/index.php?rest_route=\/wp\/v2\/pages\/101\/revisions"}],"predecessor-version":[{"id":2150,"href":"https:\/\/www.uzmandiyaliz.com\/index.php?rest_route=\/wp\/v2\/pages\/101\/revisions\/2150"}],"up":[{"embeddable":true,"href":"https:\/\/www.uzmandiyaliz.com\/index.php?rest_route=\/wp\/v2\/pages\/1051"}],"wp:attachment":[{"href":"https:\/\/www.uzmandiyaliz.com\/index.php?rest_route=%2Fwp%2Fv2%2Fmedia&parent=101"}],"curies":[{"name":"wp","href":"https:\/\/api.w.org\/{rel}","templated":true}]}}