{"id":1060,"date":"2015-10-08T15:33:18","date_gmt":"2015-10-08T13:33:18","guid":{"rendered":"http:\/\/themedemos.webmandesign.eu\/polyclinic\/?page_id=1060"},"modified":"2018-10-09T20:36:30","modified_gmt":"2018-10-09T20:36:30","slug":"preparing-for-surgery","status":"publish","type":"page","link":"https:\/\/www.uzmandiyaliz.com\/?page_id=1060","title":{"rendered":"Transplatasyon"},"content":{"rendered":"<p>B\u00f6brek nakli ba\u015fka bireyin b\u00f6bre\u011finin diyaliz hastas\u0131na veya b\u00f6brek fonksiyonlar\u0131 ileri derecede azalm\u0131\u015f (GFR 20 ml\/dk) hastalara nakledilme i\u015flemidir.Genel olarak iki \u015fekilde yap\u0131lmaktad\u0131r. Ya\u015fam\u0131n\u0131 yitirmi\u015f bireyden al\u0131nan organ\u0131n nakledilme i\u015flemine \u201ckadavradan b\u00f6brek nakli\u201d nakli denmektedir.Di\u011fer y\u00f6ntem ise canl\u0131 vericiden al\u0131nan b\u00f6bre\u011fin nakli i\u015flemidir.B\u00f6brek naki t\u0131bbi bir engel olmad\u0131\u011f\u0131 takdirde her diyaliz hastas\u0131na yap\u0131labilir.Ancak 70 ya\u015f ve \u00fczerindeki nakil adaylar\u0131 \u00e7ok daha ayr\u0131nt\u0131l\u0131 bir \u015fekilde de\u011ferlendirilmelidir.Bu nedenle a\u015fa\u011f\u0131da s\u0131ralanan t\u0131bbi engeli olmayan her diyaliz hastas\u0131 organ nakli merkezine m\u00fcracaat etmelidir.<\/p>\n<p>B\u00f6brek Nakline Kesin Engel Te\u015fkil Eden Durumlar:<\/p>\n<p>\u2022 Kanser Hastal\u0131\u011f\u0131<br \/>\n\u2022 Aktif A\u0130DS<br \/>\n\u2022 Aktif T\u00fcberk\u00fcloz<br \/>\n\u2022 Aktif Hepatit veya Siroz<br \/>\n\u2022 Ciddi vask\u00fcler hastal\u0131k<br \/>\n\u2022 Aktif intraven\u00f6z ila\u00e7 ba\u011f\u0131ml\u0131l\u0131\u011f\u0131<br \/>\n\u2022 5 y\u0131ldan az ya\u015fam beklentisi<br \/>\n\u2022 Yeni ge\u00e7irilmi\u015f Miyokard Enfarkt\u00fcs\u00fc<br \/>\n\u2022 Son d\u00f6nem kalp,akci\u011fer ve karaci\u011fer yetmezli\u011fi<\/p>\n<p>Bunun yan\u0131nda kesin engel te\u015fkil etmemekle birlikte a\u015f\u0131r\u0131 zay\u0131f veya \u015fi\u015fman hastalarda ve sigara i\u00e7icilerinde b\u00f6brek nakli sorun yaratabilir.Baz\u0131 transplantasyon merkezleri sigara i\u00e7en hastalara kesinlikle b\u00f6brek nakli yapmamaktad\u0131r. D\u00fcnyada b\u00f6brek nakillerinin \u00e7o\u011funu kadavradan yap\u0131lan b\u00f6brek nakilleri olu\u015fturmaktad\u0131r. \u00dclkemizde ise bunun tersine kadavradan nakil,toplam nakil say\u0131s\u0131n\u0131n %20-30\u2019nu olu\u015fturmaktad\u0131r. Bu nedenle organ nakli say\u0131s\u0131n\u0131 artt\u0131rman\u0131n birinci yolu kadavradan al\u0131nan organ say\u0131s\u0131n\u0131 artt\u0131rmakt\u0131r.<\/p>\n<p>Canl\u0131 Vericili B\u00f6brek Nakli:<\/p>\n<p>18 ya\u015f\u0131n\u0131 bitirmi\u015f,akli dengesi yerinde olan herkes akrabas\u0131na b\u00f6bre\u011fini verebilir.<\/p>\n<p>Kimler B\u00f6brek Verici Olamaz?<\/p>\n<p>\u2022 Kanser hastalar\u0131<br \/>\n\u2022 HIV vir\u00fcs\u00fc ta\u015f\u0131yanlar<br \/>\n\u2022 Tansiyon hastalar\u0131<br \/>\n\u2022 \u015eeker hastalar\u0131<br \/>\n\u2022 B\u00f6brek hastalar\u0131<br \/>\n\u2022 Hamileler<br \/>\n\u2022 Ba\u015fka bir organ yetmezli\u011fi olanlar<br \/>\n\u2022 Kalp hastalar\u0131<\/p>\n<p>Verici adaylar\u0131nda ya\u015f aral\u0131\u011f\u0131 18-65 kabul edilmesine ra\u011fmen \u00fcst s\u0131n\u0131r ki\u015finin sa\u011fl\u0131k durumu ve b\u00f6brek fonksiyonlar\u0131n\u0131n durumuna g\u00f6re daha y\u00fcksek olabilir.Kadavradan yap\u0131lan nakillerin ba\u015far\u0131l\u0131 olmas\u0131 i\u00e7in kan grubu uyumu yan\u0131nda doku uyumu da gerekmektedir.Canl\u0131dan yap\u0131lan nakillerde doku uyumu eski \u00f6nemini kaybetmi\u015ftir.Kan grubu uyumu ise \u00f6nemlidir.Doku tipi insana anne-babadan kal\u0131t\u0131m yolu ile ge\u00e7en ve t\u00fcm h\u00fccrelerin y\u00fczeyinde bulunan antijenlerdir.Doku tipini olu\u015fturan \u00fc\u00e7 temel doku tipi antijeni bulunmaktad\u0131r:A,B ve DR.Her bireyin biri anneden,biri de babadan gelen 2A,2B ve 2DR olmak \u00fczere toplam alt\u0131 de\u011fi\u015fik antijeni bulunmaktad\u0131r.Kadavradan yap\u0131lan nakillerde bu alt\u0131 antijen aras\u0131ndaki uyum ne kadar fazla ise b\u00f6bre\u011fin \u00e7al\u0131\u015fma \u015fan\u015f\u0131 da o kadar y\u00fcksektir ve DR uyum mutlaka aranmaktad\u0131r.Organ nakli merkezine m\u00fcracaat eden adaylara ayr\u0131nt\u0131l\u0131 bir\u00e7ok tetkik yap\u0131ld\u0131ktan sonra nakil i\u00e7in engel olmad\u0131\u011f\u0131 takdirde ki\u015fi transplantasyon aday\u0131 olarak kabul edilmektedir.<\/p>\n","protected":false},"excerpt":{"rendered":"<div class=\"entry-summary\"><div class=\"entry-summary\">\n<p>B\u00f6brek nakli ba\u015fka bireyin b\u00f6bre\u011finin diyaliz hastas\u0131na veya b\u00f6brek fonksiyonlar\u0131 ileri derecede azalm\u0131\u015f (GFR 20 ml\/dk) hastalara nakledilme i\u015flemidir.<\/p>\n<\/div>\n<div class=\"link-more\"><a href=\"https:\/\/www.uzmandiyaliz.com\/?page_id=1060\" class=\"more-link\">Devam\u0131n\u0131 oku<span class=\"screen-reader-text\"> &ldquo;Transplatasyon&rdquo;<\/span>&hellip;<\/a><\/div>\n<\/div><div class=\"link-more\"><a href=\"https:\/\/www.uzmandiyaliz.com\/?page_id=1060\" class=\"more-link\">Devam\u0131n\u0131 oku<span class=\"screen-reader-text\"> &ldquo;Transplatasyon&rdquo;<\/span>&hellip;<\/a><\/div>","protected":false},"author":1,"featured_media":0,"parent":1049,"menu_order":28,"comment_status":"closed","ping_status":"closed","template":"templates\/with-sidebar.php","meta":{"footnotes":""},"class_list":["post-1060","page","type-page","status-publish","hentry","entry"],"_links":{"self":[{"href":"https:\/\/www.uzmandiyaliz.com\/index.php?rest_route=\/wp\/v2\/pages\/1060","targetHints":{"allow":["GET"]}}],"collection":[{"href":"https:\/\/www.uzmandiyaliz.com\/index.php?rest_route=\/wp\/v2\/pages"}],"about":[{"href":"https:\/\/www.uzmandiyaliz.com\/index.php?rest_route=\/wp\/v2\/types\/page"}],"author":[{"embeddable":true,"href":"https:\/\/www.uzmandiyaliz.com\/index.php?rest_route=\/wp\/v2\/users\/1"}],"replies":[{"embeddable":true,"href":"https:\/\/www.uzmandiyaliz.com\/index.php?rest_route=%2Fwp%2Fv2%2Fcomments&post=1060"}],"version-history":[{"count":7,"href":"https:\/\/www.uzmandiyaliz.com\/index.php?rest_route=\/wp\/v2\/pages\/1060\/revisions"}],"predecessor-version":[{"id":2214,"href":"https:\/\/www.uzmandiyaliz.com\/index.php?rest_route=\/wp\/v2\/pages\/1060\/revisions\/2214"}],"up":[{"embeddable":true,"href":"https:\/\/www.uzmandiyaliz.com\/index.php?rest_route=\/wp\/v2\/pages\/1049"}],"wp:attachment":[{"href":"https:\/\/www.uzmandiyaliz.com\/index.php?rest_route=%2Fwp%2Fv2%2Fmedia&parent=1060"}],"curies":[{"name":"wp","href":"https:\/\/api.w.org\/{rel}","templated":true}]}}