{"id":1066,"date":"2015-10-08T15:34:55","date_gmt":"2015-10-08T13:34:55","guid":{"rendered":"http:\/\/themedemos.webmandesign.eu\/polyclinic\/?page_id=1066"},"modified":"2018-09-16T18:23:57","modified_gmt":"2018-09-16T18:23:57","slug":"visiting-policy-and-hours","status":"publish","type":"page","link":"https:\/\/www.uzmandiyaliz.com\/?page_id=1066","title":{"rendered":"B\u00f6brek Yetmezli\u011fi Nedir?"},"content":{"rendered":"<p>B\u00f6brek yetmezli\u011fi dedi\u011fimiz rahats\u0131zl\u0131k, b\u00f6bre\u011fin normal aktivitesini yerine getirememesi durumudur. Bu durumdaki hastalar\u0131n ya\u015fam kalitelerinin artt\u0131r\u0131lmas\u0131 ve tedavilerinin mutlak eksiksiz yap\u0131lmas\u0131 \u00f6nemlidir.<\/p>\n<p>Sa\u011fl\u0131kl\u0131 bir b\u00f6brek yap\u0131s\u0131 ile;<\/p>\n<p>* Zararl\u0131 (toksik) maddelerin v\u00fccuttan idrar yoluyla uzakla\u015ft\u0131r\u0131lmas\u0131<\/p>\n<p>* Fazla suyun uzakla\u015ft\u0131r\u0131lmas\u0131<\/p>\n<p>* Kan bas\u0131nc\u0131n\u0131n (tansiyon) kontrol edilmesine yard\u0131m<\/p>\n<p>* Kan h\u00fccrelerinin yap\u0131m\u0131n\u0131n kontrol edilmesine yard\u0131m<\/p>\n<p>* Kemik yap\u0131s\u0131n\u0131n g\u00fc\u00e7lenmesi sa\u011flan\u0131r.<\/p>\n<p>Ancak b\u00f6breklerin yada b\u00f6bre\u011fin i\u015flevini yerine getirememesi s\u00f6z konusu ise b\u00f6brek yetmezli\u011fi rahats\u0131zl\u0131\u011f\u0131 ba\u015flam\u0131\u015f demektir.<\/p>\n<h2><strong>B\u00f6brek Yetmezli\u011fi Belirtileri Nas\u0131ld\u0131r?<\/strong><\/h2>\n<p>Hastalar\u0131n \u00e7o\u011funda ka\u015f\u0131nt\u0131, halsizlik, i\u015ftah kayb\u0131, dikkat azalmas\u0131, bacaklarda kramplar, nefes darl\u0131\u011f\u0131, uyku bozuklu\u011fu, cinsel bozukluklar gibi \u015fikayetler ile ba\u015fg\u00f6sterir. Asl\u0131nda \u00e7o\u011fu kez hastalar\u0131n doktora ba\u015fvurmaya gerek duymad\u0131\u011f\u0131 fakat sonradan d\u00fc\u015f\u00fcn\u00fcld\u00fc\u011f\u00fcnde hat\u0131rlanan \u00f6nemli bir \u015fikayet gece idrara \u00e7\u0131kmakt\u0131r. Normalde yatmaya yak\u0131n sulu \u015feyler t\u00fcketilmedik\u00e7e (veya erkeklerde prostat b\u00fcy\u00fcmesi olmaks\u0131z\u0131n) gece idrara \u00e7\u0131k\u0131lmaz, ancak bu hastalarda idrar\u0131n yo\u011funla\u015ft\u0131r\u0131lama-mas\u0131na ba\u011fl\u0131 gece idrara \u00e7\u0131k\u0131lmaya ba\u015flan\u0131r.<\/p>\n<p>\u0130lerlemi\u015f b\u00f6brek yetmezli\u011finde b\u00f6brek d\u0131\u015f\u0131nda da pek \u00e7ok organa ait g\u00f6rev bozuklu\u011fu ba\u015f g\u00f6stermektedir. Bunun ba\u015fl\u0131ca nedenleri;<\/p>\n<p>* V\u00fccutta a\u015f\u0131r\u0131 miktarda su ve \u00e7e\u015fitli at\u0131k maddelerin birikimi<\/p>\n<p>* Proteinlerin y\u0131k\u0131lmas\u0131 sonucunda olu\u015fan maddelerin v\u00fccuttan at\u0131lamamas\u0131<\/p>\n<p>* Beslenme bozuklu\u011fu<\/p>\n<p>* Hormonal dengesizlikler<\/p>\n<p>Bu durumlar hastalar\u0131n ya\u015famlar\u0131nda s\u0131k\u0131nt\u0131 ve sorunlar yaratmaktad\u0131r.<\/p>\n<h2><strong>B\u00f6rek Yetmezli\u011finin Nedenleri Nedir?<\/strong><\/h2>\n<p>B\u00f6brek yetmezli\u011fine neden olan \u00e7ok say\u0131da sebep vard\u0131r. Ancak s\u0131k g\u00f6r\u00fclen nedenler \u015funlard\u0131r:<\/p>\n<p>* Glomer\u00fclonefritler<\/p>\n<p>* Diyabet (\u015feker hastal\u0131\u011f\u0131)<\/p>\n<p>* Ailesel hastal\u0131klar (Polikistik b\u00f6brek hastal\u0131\u011f\u0131 vb.)<\/p>\n<p>* Hipertansiyon (Y\u00fcksek Tansiyon)<\/p>\n<p>* Amiloidoz<\/p>\n<p>* \u0130drar yollar\u0131nda t\u0131kanma<\/p>\n<div class=\"wm-message color-info icon-clock size-large\"><h3 class=\"wm-message-title wm-message-element\">Ziyaret Saatleri<\/h3><div class=\"wm-message-content wm-message-element\">Ziyaret saatleri hafta i\u00e7i herg\u00fcn saat: 08:00 ile 20:00 aras\u0131d\u0131r. <\/div><\/div>\n<div class=\"wm-message color-error icon-info-circled\"><div class=\"wm-message-content wm-message-element\"> Biz\u00a0Burdur \u00d6zel Uzman Diyaliz Merkezi olarak, uzmal\u0131\u011f\u0131m\u0131z\u0131 sizin iyile\u015fme s\u00fcrecinizde ortaya koymaktay\u0131z..<\/div><\/div>\n","protected":false},"excerpt":{"rendered":"<div class=\"entry-summary\"><div class=\"entry-summary\">\n<p>B\u00f6brek yetmezli\u011fi dedi\u011fimiz rahats\u0131zl\u0131k, b\u00f6bre\u011fin normal aktivitesini yerine getirememesi durumudur. <\/p>\n<\/div>\n<div class=\"link-more\"><a href=\"https:\/\/www.uzmandiyaliz.com\/?page_id=1066\" class=\"more-link\">Devam\u0131n\u0131 oku<span class=\"screen-reader-text\"> &ldquo;B\u00f6brek Yetmezli\u011fi Nedir?&rdquo;<\/span>&hellip;<\/a><\/div>\n<\/div><div class=\"link-more\"><a href=\"https:\/\/www.uzmandiyaliz.com\/?page_id=1066\" class=\"more-link\">Devam\u0131n\u0131 oku<span class=\"screen-reader-text\"> &ldquo;B\u00f6brek Yetmezli\u011fi Nedir?&rdquo;<\/span>&hellip;<\/a><\/div>","protected":false},"author":1,"featured_media":2055,"parent":1051,"menu_order":31,"comment_status":"closed","ping_status":"closed","template":"templates\/with-sidebar.php","meta":{"footnotes":""},"class_list":["post-1066","page","type-page","status-publish","has-post-thumbnail","hentry","entry"],"_links":{"self":[{"href":"https:\/\/www.uzmandiyaliz.com\/index.php?rest_route=\/wp\/v2\/pages\/1066","targetHints":{"allow":["GET"]}}],"collection":[{"href":"https:\/\/www.uzmandiyaliz.com\/index.php?rest_route=\/wp\/v2\/pages"}],"about":[{"href":"https:\/\/www.uzmandiyaliz.com\/index.php?rest_route=\/wp\/v2\/types\/page"}],"author":[{"embeddable":true,"href":"https:\/\/www.uzmandiyaliz.com\/index.php?rest_route=\/wp\/v2\/users\/1"}],"replies":[{"embeddable":true,"href":"https:\/\/www.uzmandiyaliz.com\/index.php?rest_route=%2Fwp%2Fv2%2Fcomments&post=1066"}],"version-history":[{"count":8,"href":"https:\/\/www.uzmandiyaliz.com\/index.php?rest_route=\/wp\/v2\/pages\/1066\/revisions"}],"predecessor-version":[{"id":2148,"href":"https:\/\/www.uzmandiyaliz.com\/index.php?rest_route=\/wp\/v2\/pages\/1066\/revisions\/2148"}],"up":[{"embeddable":true,"href":"https:\/\/www.uzmandiyaliz.com\/index.php?rest_route=\/wp\/v2\/pages\/1051"}],"wp:featuredmedia":[{"embeddable":true,"href":"https:\/\/www.uzmandiyaliz.com\/index.php?rest_route=\/wp\/v2\/media\/2055"}],"wp:attachment":[{"href":"https:\/\/www.uzmandiyaliz.com\/index.php?rest_route=%2Fwp%2Fv2%2Fmedia&parent=1066"}],"curies":[{"name":"wp","href":"https:\/\/api.w.org\/{rel}","templated":true}]}}