{"id":1070,"date":"2015-10-08T15:35:53","date_gmt":"2015-10-08T13:35:53","guid":{"rendered":"http:\/\/themedemos.webmandesign.eu\/polyclinic\/?page_id=1070"},"modified":"2018-09-16T20:23:37","modified_gmt":"2018-09-16T20:23:37","slug":"directions-and-parking","status":"publish","type":"page","link":"https:\/\/www.uzmandiyaliz.com\/?page_id=1070","title":{"rendered":"Diyaliz ve Diyabet"},"content":{"rendered":"<p>Diyabetik diyaliz hastalar\u0131 giderek artmaktad\u0131r. Diyaliz hastalar\u0131n\u0131n yakla\u015f\u0131k 1\/3-1\/4&#8217;\u00fc Diyabetes Mellitus k\u00f6kenli olmu\u015ftur. Bu oran\u0131n giderek artmas\u0131 da beklenmektedir. Bu nedenle diyalizde diyabetik hastalara \u00f6zel yakla\u015f\u0131mlar olmas\u0131 gerekmektedir.<\/p>\n<p>Diyabette b\u00f6brek hastal\u0131\u011f\u0131 hiperfiltrasyon ve mikroalbumin\u00fcri (30-300 mg\/g\u00fcn) ile ba\u015flar. Giderek protein\u00fcrinin artmas\u0131 ve glomerul filtrasyon h\u0131z\u0131n\u0131n azalmas\u0131 ile azotemi g\u00f6r\u00fclmesine ve son d\u00f6nem b\u00f6brek hastal\u0131\u011f\u0131na kadar var\u0131r. Bu s\u00fcre Diyabet tiplerine g\u00f6re de\u011fi\u015fir.<\/p>\n<p>\u0130nsuline ba\u011f\u0131ml\u0131 ( Tip I ) Diyabet hastalar\u0131nda son d\u00f6nem b\u00f6brek yetmezli\u011fi olu\u015fma s\u00fcresi 15-30 y\u0131l aras\u0131ndad\u0131r. \u0130ns\u00fcline ba\u011f\u0131ml\u0131 olmayan ( Tip II ) Diyabet hastalar\u0131nda ise bu s\u00fcre 1-20 y\u0131l aras\u0131ndad\u0131r.<\/p>\n","protected":false},"excerpt":{"rendered":"<div class=\"entry-summary\"><div class=\"entry-summary\">\n<p>Diyabetik diyaliz hastalar\u0131 giderek artmaktad\u0131r. Diyaliz hastalar\u0131n\u0131n yakla\u015f\u0131k 1\/3-1\/4&#8217;\u00fc Diyabetes Mellitus k\u00f6kenli olmu\u015ftur.<\/p>\n<\/div>\n<div class=\"link-more\"><a href=\"https:\/\/www.uzmandiyaliz.com\/?page_id=1070\" class=\"more-link\">Devam\u0131n\u0131 oku<span class=\"screen-reader-text\"> &ldquo;Diyaliz ve Diyabet&rdquo;<\/span>&hellip;<\/a><\/div>\n<\/div><div class=\"link-more\"><a href=\"https:\/\/www.uzmandiyaliz.com\/?page_id=1070\" class=\"more-link\">Devam\u0131n\u0131 oku<span class=\"screen-reader-text\"> &ldquo;Diyaliz ve Diyabet&rdquo;<\/span>&hellip;<\/a><\/div>","protected":false},"author":1,"featured_media":2056,"parent":1051,"menu_order":32,"comment_status":"closed","ping_status":"closed","template":"templates\/with-sidebar.php","meta":{"footnotes":""},"class_list":["post-1070","page","type-page","status-publish","has-post-thumbnail","hentry","entry"],"_links":{"self":[{"href":"https:\/\/www.uzmandiyaliz.com\/index.php?rest_route=\/wp\/v2\/pages\/1070","targetHints":{"allow":["GET"]}}],"collection":[{"href":"https:\/\/www.uzmandiyaliz.com\/index.php?rest_route=\/wp\/v2\/pages"}],"about":[{"href":"https:\/\/www.uzmandiyaliz.com\/index.php?rest_route=\/wp\/v2\/types\/page"}],"author":[{"embeddable":true,"href":"https:\/\/www.uzmandiyaliz.com\/index.php?rest_route=\/wp\/v2\/users\/1"}],"replies":[{"embeddable":true,"href":"https:\/\/www.uzmandiyaliz.com\/index.php?rest_route=%2Fwp%2Fv2%2Fcomments&post=1070"}],"version-history":[{"count":3,"href":"https:\/\/www.uzmandiyaliz.com\/index.php?rest_route=\/wp\/v2\/pages\/1070\/revisions"}],"predecessor-version":[{"id":2176,"href":"https:\/\/www.uzmandiyaliz.com\/index.php?rest_route=\/wp\/v2\/pages\/1070\/revisions\/2176"}],"up":[{"embeddable":true,"href":"https:\/\/www.uzmandiyaliz.com\/index.php?rest_route=\/wp\/v2\/pages\/1051"}],"wp:featuredmedia":[{"embeddable":true,"href":"https:\/\/www.uzmandiyaliz.com\/index.php?rest_route=\/wp\/v2\/media\/2056"}],"wp:attachment":[{"href":"https:\/\/www.uzmandiyaliz.com\/index.php?rest_route=%2Fwp%2Fv2%2Fmedia&parent=1070"}],"curies":[{"name":"wp","href":"https:\/\/api.w.org\/{rel}","templated":true}]}}